{"id":238807,"date":"2021-07-03T14:08:16","date_gmt":"2021-07-03T12:08:16","guid":{"rendered":"https:\/\/www.iksb.ch\/?page_id=238807"},"modified":"2026-03-01T08:25:48","modified_gmt":"2026-03-01T07:25:48","slug":"die-funf-saulen-des-islam","status":"publish","type":"page","link":"https:\/\/www.iksb.ch\/ar\/die-funf-saulen-des-islam\/","title":{"rendered":"\u0623\u0631\u0643\u0627\u0646 \u0627\u0644\u0625\u0633\u0644\u0627\u0645 \u0627\u0644\u062e\u0645\u0633\u0629"},"content":{"rendered":"<div class=\"et_pb_section_0 et_pb_section et_pb_fullwidth_section et_section_regular et_block_section et_pb_section_parallax\"><span class=\"et-pb-parallax-wrapper\"><span class=\"et-pb-parallax-background et-pb-parallax-background--css et-pb-parallax-background-module--divi-section-0\" style=\"background-image:url(https:\/\/www.iksb.ch\/wp-content\/uploads\/2021\/06\/retro-1920.jpg)\"><\/span><\/span><section class=\"et_pb_fullwidth_header_0 et_pb_fullwidth_header et_pb_bg_layout_dark et_pb_text_align_center et_pb_module et_flex_module\"><div class=\"et_pb_fullwidth_header_container center\"><div class=\"header-content-container center\"><div class=\"header-content et_flex_module\"><h1 class=\"et_pb_module_header\">\u0623\u0631\u0643\u0627\u0646 \u0627\u0644\u0625\u0633\u0644\u0627\u0645 \u0627\u0644\u062e\u0645\u0633\u0629<\/h1><div class=\"et_pb_header_button_wrapper\"><\/div><\/div><\/div><\/div><div class=\"et_pb_fullwidth_header_overlay\"><\/div><div class=\"et_pb_fullwidth_header_scroll\"><\/div><\/section><\/div><div class=\"et_pb_section_1 et_pb_section et_section_regular et_block_section\"><div class=\"et_pb_row_0 et_pb_row et_block_row\"><div class=\"et_pb_column_0 et_pb_column et_pb_column_4_4 et-last-child et_block_column et_pb_css_mix_blend_mode_passthrough\"><div class=\"et_pb_text_0 et_pb_text et_pb_bg_layout_light et_pb_module et_block_module\"><div class=\"et_pb_text_inner\"><h1 class=\"headline small translation-block\" style=\"text-align: center;\">\u0623\u0631\u0643\u0627\u0646 \u0627\u0644\u0625\u0633\u0644\u0627\u0645 \u0627\u0644\u062e\u0645\u0633\u0629 \u0647\u064a \u0623\u0647\u0645 \u0627\u0644\u0642\u0648\u0627\u0639\u062f \u0627\u0644\u062a\u064a \u064a\u0642\u0648\u0645 \u0639\u0644\u064a\u0647\u0627 \u062f\u064a\u0646 \u0627\u0644\u0645\u0633\u0644\u0645\u060c \u0648\u0647\u064a \u062a\u062a\u0643\u0648\u0651\u0646 \u0645\u0646<\/h1>\n<\/div><\/div><\/div><\/div><div class=\"et_pb_row_1 et_pb_row et_pb_row_5col et_pb_equal_columns et_pb_gutters2 et_block_row et_block_row_5col\"><div class=\"et_pb_column_1 et_pb_column et_pb_column_1_5 et_block_column et_pb_css_mix_blend_mode_passthrough et_clickable\"><div class=\"et_pb_blurb_0 et_pb_blurb et_pb_bg_layout_light et_pb_text_align_center et_pb_blurb_position_top et_pb_module et_block_module preset--module--divi-blurb--3e17696c-80b2-42c8-b2b5-9d31146ea833\"><div class=\"et_pb_blurb_content\"><div class=\"et_pb_main_blurb_image\"><a href=\"#\"><span class=\"et_pb_image_wrap et_pb_only_image_mode_wrap\"><img loading=\"lazy\" decoding=\"async\" src=\"https:\/\/www.iksb.ch\/wp-content\/uploads\/2021\/07\/crowdfunding-icons-16-dark-green.png\" width=\"48\" height=\"48\" srcset=\"https:\/\/www.iksb.ch\/wp-content\/uploads\/2021\/07\/crowdfunding-icons-16-dark-green.png 48w\" sizes=\"(max-width: 48px) 100vw, 48px\" class=\"wp-image-238813\" \/><\/span><\/a><\/div><div class=\"et_pb_blurb_container\"><h4 class=\"et_pb_module_header\"><a href=\"#\">\u0627\u0644\u0634\u0647\u0627\u062f\u0629<\/a><\/h4><\/div><\/div><\/div><\/div><div class=\"et_pb_column_2 et_pb_column et_pb_column_1_5 et_block_column et_pb_css_mix_blend_mode_passthrough et_clickable\"><div class=\"et_pb_blurb_1 et_pb_blurb et_pb_bg_layout_light et_pb_text_align_center et_pb_blurb_position_top et_pb_module et_block_module preset--module--divi-blurb--3e17696c-80b2-42c8-b2b5-9d31146ea833\"><div class=\"et_pb_blurb_content\"><div class=\"et_pb_main_blurb_image\"><a href=\"#\"><span class=\"et_pb_image_wrap et_pb_only_image_mode_wrap\"><img loading=\"lazy\" decoding=\"async\" src=\"https:\/\/www.iksb.ch\/wp-content\/uploads\/2021\/07\/crowdfunding-icons-3-dark-green.png\" width=\"48\" height=\"48\" srcset=\"https:\/\/www.iksb.ch\/wp-content\/uploads\/2021\/07\/crowdfunding-icons-3-dark-green.png 48w\" sizes=\"(max-width: 48px) 100vw, 48px\" class=\"wp-image-238825\" \/><\/span><\/a><\/div><div class=\"et_pb_blurb_container\"><h4 class=\"et_pb_module_header\"><a href=\"#\">\u0627\u0644\u0635\u0644\u0627\u0629<\/a><\/h4><\/div><\/div><\/div><\/div><div class=\"et_pb_column_3 et_pb_column et_pb_column_1_5 et_block_column et_pb_css_mix_blend_mode_passthrough et_clickable\"><div class=\"et_pb_blurb_2 et_pb_blurb et_pb_bg_layout_light et_pb_text_align_center et_pb_blurb_position_top et_pb_module et_block_module preset--module--divi-blurb--3e17696c-80b2-42c8-b2b5-9d31146ea833\"><div class=\"et_pb_blurb_content\"><div class=\"et_pb_main_blurb_image\"><a href=\"#\"><span class=\"et_pb_image_wrap et_pb_only_image_mode_wrap\"><img loading=\"lazy\" decoding=\"async\" src=\"https:\/\/www.iksb.ch\/wp-content\/uploads\/2021\/07\/crowdfunding-icons-7-dark-green.png\" width=\"48\" height=\"48\" srcset=\"https:\/\/www.iksb.ch\/wp-content\/uploads\/2021\/07\/crowdfunding-icons-7-dark-green.png 48w\" sizes=\"(max-width: 48px) 100vw, 48px\" class=\"wp-image-238814\" \/><\/span><\/a><\/div><div class=\"et_pb_blurb_container\"><h4 class=\"et_pb_module_header\"><a href=\"#\">\u0627\u0644\u0635\u064a\u0627\u0645<\/a><\/h4><\/div><\/div><\/div><\/div><div class=\"et_pb_column_4 et_pb_column et_pb_column_1_5 et_block_column et_pb_css_mix_blend_mode_passthrough et_clickable\"><div class=\"et_pb_blurb_3 et_pb_blurb et_pb_bg_layout_light et_pb_text_align_center et_pb_blurb_position_top et_pb_module et_block_module preset--module--divi-blurb--3e17696c-80b2-42c8-b2b5-9d31146ea833\"><div class=\"et_pb_blurb_content\"><div class=\"et_pb_main_blurb_image\"><a href=\"#\"><span class=\"et_pb_image_wrap et_pb_only_image_mode_wrap\"><img loading=\"lazy\" decoding=\"async\" src=\"https:\/\/www.iksb.ch\/wp-content\/uploads\/2021\/07\/crowdfunding-icons-8-dark-green.png\" width=\"48\" height=\"48\" srcset=\"https:\/\/www.iksb.ch\/wp-content\/uploads\/2021\/07\/crowdfunding-icons-8-dark-green.png 48w\" sizes=\"(max-width: 48px) 100vw, 48px\" class=\"wp-image-238815\" \/><\/span><\/a><\/div><div class=\"et_pb_blurb_container\"><h4 class=\"et_pb_module_header\"><a href=\"#\">\u0627\u0644\u0632\u0643\u0627\u0629<\/a><\/h4><\/div><\/div><\/div><\/div><div class=\"et_pb_column_5 et_pb_column et_pb_column_1_5 et-last-child et_block_column et_pb_css_mix_blend_mode_passthrough et_clickable\"><div class=\"et_pb_blurb_4 et_pb_blurb et_pb_bg_layout_light et_pb_text_align_center et_pb_blurb_position_top et_pb_module et_block_module preset--module--divi-blurb--3e17696c-80b2-42c8-b2b5-9d31146ea833\"><div class=\"et_pb_blurb_content\"><div class=\"et_pb_main_blurb_image\"><a href=\"#\"><span class=\"et_pb_image_wrap et_pb_only_image_mode_wrap\"><img loading=\"lazy\" decoding=\"async\" src=\"https:\/\/www.iksb.ch\/wp-content\/uploads\/2021\/07\/crowdfunding-icons-17-dark-green.png\" width=\"48\" height=\"48\" srcset=\"https:\/\/www.iksb.ch\/wp-content\/uploads\/2021\/07\/crowdfunding-icons-17-dark-green.png 48w\" sizes=\"(max-width: 48px) 100vw, 48px\" class=\"wp-image-238819\" \/><\/span><\/a><\/div><div class=\"et_pb_blurb_container\"><h4 class=\"et_pb_module_header\"><a href=\"#\">\u201d\u062d\u062c\u201c<\/a><\/h4><\/div><\/div><\/div><\/div><\/div><\/div><div class=\"et_pb_section_2 et_pb_section et_section_regular et_block_section\"><div class=\"et_pb_row_2 et_pb_row et_block_row\"><div class=\"et_pb_column_6 et_pb_column et_pb_column_4_4 et-last-child et_block_column et_pb_css_mix_blend_mode_passthrough\"><div class=\"et_pb_video_0 et_pb_video et_pb_module et_block_module\"><div class=\"et_pb_video_box\"><iframe loading=\"lazy\" title=\"Die f\u00fcnf S\u00e4ulen des Islams - Was Muslime glauben (Dokumentation Unterrichtsfilm)\" width=\"1080\" height=\"810\" src=\"https:\/\/www.youtube.com\/embed\/stLAN6pW3Fk?feature=oembed\"  allow=\"accelerometer; autoplay; clipboard-write; encrypted-media; gyroscope; picture-in-picture; web-share\" referrerpolicy=\"strict-origin-when-cross-origin\" allowfullscreen><\/iframe><\/div><div class=\"et_pb_video_overlay\" style=\"background-image:url(https:\/\/www.iksb.ch\/wp-content\/uploads\/2021\/06\/Clicken.jpg)\"><div class=\"et_pb_video_overlay_hover\"><a class=\"et_pb_video_play\" href=\"#\"><\/a><\/div><\/div><\/div><\/div><\/div><\/div><div class=\"et_pb_section_3 et_pb_section et_section_regular et_block_section\"><div class=\"et_pb_row_3 et_pb_row et_block_row\"><div class=\"et_pb_column_7 et_pb_column et_pb_column_4_4 et-last-child et_block_column et_pb_css_mix_blend_mode_passthrough\"><div class=\"et_pb_text_1 et_pb_text et_pb_bg_layout_light et_pb_module et_block_module et_pb_text_align_center preset--module--divi-text--b5629d61-8761-48a4-843a-08bad35c28b0\"><div class=\"et_pb_text_inner\"><h2>\u0627\u0644\u0634\u0647\u0627\u062f\u0629<\/h2>\n<\/div><\/div><div class=\"et_pb_text_2 et_pb_text et_pb_bg_layout_light et_pb_module et_block_module et_pb_text_align_center\"><div class=\"et_pb_text_inner\"><p class=\"text small\"><strong>\u0627\u0644\u0634\u0647\u0627\u062f\u0629<\/strong> lautet <strong>\"Aschhadu Anla ilaha illa Allah wa anna Muhammad rasul Allah\"<\/strong>. Das hei\u00dft soviel wie <strong>\u201eIch bezeuge, dass es keinen Gott au\u00dfer Allah selbst gibt und ich bezeuge, dass Mohammed sein Prophet ist.\u201c<\/strong>. Das Bekenntnis soll mit \u00dcberzeugung aufgesagt werden, um das Zugeh\u00f6rigkeitsgef\u00fchl zum Islam deutlich zu machen.<\/p>\n<p class=\"text small\">\u064a\u064f\u0639\u062f\u0651 \u0627\u0644\u0646\u0637\u0642 \u0627\u0644\u0639\u0644\u0646\u064a \u0628\u0647\u0630\u0647 \u0627\u0644\u0635\u064a\u063a\u0629 \u0627\u0644\u0631\u0643\u0646 \u0627\u0644\u0623\u0648\u0644\u060c \u0643\u0645\u0627 \u0623\u0646\u0647\u0627 \u062c\u0632\u0621 \u0623\u0633\u0627\u0633\u064a \u0645\u0646 \u0643\u0644 \u0635\u0644\u0627\u0629 \u0645\u0641\u0631\u0648\u0636\u0629\u060c \u0648\u062a\u064f\u0633\u0645\u0651\u0649 \u0627\u0644\u0634\u0647\u0627\u062f\u0629 \u0623\u064a\u0636\u064b\u0627 <strong>\"shahada\"<\/strong>.<\/p>\n<\/div><\/div><\/div><\/div><\/div><div class=\"et_pb_section_4 et_pb_section et_section_regular et_block_section\"><div class=\"et_pb_row_4 et_pb_row et_block_row\"><div class=\"et_pb_column_8 et_pb_column et_pb_column_4_4 et-last-child et_block_column et_pb_css_mix_blend_mode_passthrough\"><div class=\"et_pb_text_3 et_pb_text et_pb_bg_layout_light et_pb_module et_block_module et_pb_text_align_center preset--module--divi-text--b5629d61-8761-48a4-843a-08bad35c28b0\"><div class=\"et_pb_text_inner\"><h2>\u0627\u0644\u0635\u0644\u0627\u0629<\/h2>\n<\/div><\/div><div class=\"et_pb_text_4 et_pb_text et_pb_bg_layout_light et_pb_module et_block_module et_pb_text_align_center\"><div class=\"et_pb_text_inner\"><p class=\"text small translation-block\">\u064a\u062c\u0628 \u0639\u0644\u0649 \u0627\u0644\u0645\u0633\u0644\u0645 \u0623\u0646 \u064a\u0624\u062f\u064a \u0627\u0644\u0635\u0644\u0627\u0629 \u062e\u0645\u0633 \u0645\u0631\u0627\u062a \u0641\u064a \u0627\u0644\u064a\u0648\u0645: \u0642\u0628\u0644 \u0634\u0631\u0648\u0642 \u0627\u0644\u0634\u0645\u0633\u060c \u0648\u0642\u062a \u0627\u0644\u0638\u0647\u0631\u060c \u0648\u0642\u062a \u0627\u0644\u0639\u0635\u0631\u060c \u0628\u0639\u062f \u063a\u0631\u0648\u0628 \u0627\u0644\u0634\u0645\u0633\u060c \u0648\u0641\u064a \u0627\u0644\u0644\u064a\u0644. \u0648\u0647\u0630\u0647 \u0627\u0644\u0635\u0644\u0648\u0627\u062a \u0627\u0644\u062e\u0645\u0633 \u0641\u0631\u0636\u064c \u0648\u0627\u062c\u0628.<\/p>\n<p class=\"text small\"><strong>Muslime beten in Richtung Mekka.<\/strong> Man macht bestimmte Bewegungen dazu wie Erst stehen, dann sich verbeugen, sitzen oder sich auf dem Boden\u00a0 niederwerfen. Bei der f\u00fcr das islamische Gebet rituellen <strong>Reinigung (\"Wudu\")<\/strong> w\u00e4scht man sich unter anderem das Gesicht, die H\u00e4nde und die F\u00fc\u00dfe. E<span>in freies Bittgebet (du\u00b4a) sprechen nach dem Salat<\/span><\/p>\n<\/div><\/div><\/div><\/div><\/div><div class=\"et_pb_section_5 et_pb_section et_section_regular et_block_section\"><div class=\"et_pb_row_5 et_pb_row et_block_row\"><div class=\"et_pb_column_9 et_pb_column et_pb_column_4_4 et-last-child et_block_column et_pb_css_mix_blend_mode_passthrough\"><div class=\"et_pb_text_5 et_pb_text et_pb_bg_layout_light et_pb_module et_block_module et_pb_text_align_center preset--module--divi-text--b5629d61-8761-48a4-843a-08bad35c28b0\"><div class=\"et_pb_text_inner\"><h2>\u0627\u0644\u0635\u064a\u0627\u0645<\/h2>\n<\/div><\/div><div class=\"et_pb_text_6 et_pb_text et_pb_bg_layout_light et_pb_module et_block_module et_pb_text_align_center\"><div class=\"et_pb_text_inner\"><p class=\"translation-block\">\u064a\u0635\u0648\u0645 \u0627\u0644\u0645\u0633\u0644\u0645\u0648\u0646 \u062e\u0644\u0627\u0644 \u0634\u0647\u0631 \u0631\u0645\u0636\u0627\u0646\u060c \u0648\u0644\u0647\u0630\u0627 \u0627\u0644\u0634\u0647\u0631 \u0645\u0643\u0627\u0646\u0629 \u062e\u0627\u0635\u0629 \u0639\u0646\u062f \u0627\u0644\u0645\u0633\u0644\u0645\u064a\u0646\u060c \u0641\u0641\u064a\u0647 \u0623\u064f\u0646\u0632\u0644 \u0627\u0644\u0642\u0631\u0622\u0646 \u0647\u062f\u0627\u064a\u0629\u064b \u0644\u0644\u0646\u0627\u0633. \u0648\u064a\u064f\u0639\u062f \u0631\u0645\u0636\u0627\u0646 \u0634\u0647\u0631\u064b\u0627 \u0644\u0644\u062a\u0642\u0631\u0628 \u0625\u0644\u0649 \u0627\u0644\u0644\u0647 \u0648\u0627\u0644\u062a\u0623\u0645\u0644 \u0627\u0644\u0631\u0648\u062d\u064a \u0648\u0627\u0644\u0645\u0631\u0627\u062c\u0639\u0629 \u0627\u0644\u0646\u0641\u0633\u064a\u0629 \u0644\u0643\u0644 \u0645\u0633\u0644\u0645.<\/p>\n<p><span>\u0645\u0646 \u0637\u0644\u0648\u0639 \u0627\u0644\u0641\u062c\u0631 \u062d\u062a\u0649 \u063a\u0631\u0648\u0628 \u0627\u0644\u0634\u0645\u0633 \u064a\u064f\u062d\u0638\u0631 \u0627\u0644\u0623\u0643\u0644 \u0648\u0627\u0644\u0634\u0631\u0628 \u0648\u0627\u0644\u062a\u062f\u062e\u064a\u0646 \u0648\u0627\u0644\u062c\u0645\u0627\u0639.<\/span><\/p>\n<p>\u064a\u064f\u0639\u0641\u0649 \u0627\u0644\u0645\u0631\u0636\u0649 \u0648\u0627\u0644\u0646\u0633\u0627\u0621 \u0627\u0644\u0645\u0631\u0636\u0639\u0627\u062a \u0648\u0627\u0644\u0645\u0633\u0627\u0641\u0631\u0648\u0646 \u0645\u0646 \u0627\u0644\u0635\u064a\u0627\u0645\u060c \u0639\u0644\u0649 \u0623\u0646 \u064a\u0642\u0636\u0648\u0627 \u0627\u0644\u0623\u064a\u0627\u0645 \u0627\u0644\u062a\u064a \u0623\u0641\u0637\u0631\u0648\u0647\u0627 \u0644\u0627\u062d\u0642\u064b\u0627. \u0643\u0645\u0627 \u0623\u0646 \u0627\u0644\u0623\u0637\u0641\u0627\u0644 \u0627\u0644\u0635\u063a\u0627\u0631 \u0644\u0627 \u064a\u0635\u0648\u0645\u0648\u0646 \u0639\u0627\u062f\u0629\u064b. \u0648\u0641\u064a \u0646\u0647\u0627\u064a\u0629 \u0634\u0647\u0631 \u0631\u0645\u0636\u0627\u0646 \u064a\u064f\u062d\u062a\u0641\u0644 \u0628\u0639\u064a\u062f \u0627\u0644\u0641\u0637\u0631.<\/p>\n<\/div><\/div><\/div><\/div><\/div><div class=\"et_pb_section_6 et_pb_section et_section_regular et_block_section\"><div class=\"et_pb_row_6 et_pb_row et_block_row\"><div class=\"et_pb_column_10 et_pb_column et_pb_column_4_4 et-last-child et_block_column et_pb_css_mix_blend_mode_passthrough\"><div class=\"et_pb_text_7 et_pb_text et_pb_bg_layout_light et_pb_module et_block_module et_pb_text_align_center preset--module--divi-text--b5629d61-8761-48a4-843a-08bad35c28b0\"><div class=\"et_pb_text_inner\"><h2>Soziale Pflichtabgabe \"Zakat\"<\/h2>\n<\/div><\/div><div class=\"et_pb_text_8 et_pb_text et_pb_bg_layout_light et_pb_module et_block_module et_pb_text_align_center\"><div class=\"et_pb_text_inner\"><p><span>\"Zakat\" ist die Unterst\u00fctzung der Bed\u00fcrftigen. Muslime, die nicht selbst hoch verschuldet sind oder unter dem Existenzminimum leben, sollen in der Regel 2,5 Prozent ihres \"ruhenden Netto-Kapitalverm\u00f6gens\" einmal im Jahr spenden. <\/span>Als ruhendes Verm\u00f6gen gelten unter anderem Bargeld, Schmuck und Mietertr\u00e4ge. Ein Muslim muss mindestens ein Mondjahr lang im Besitz dieses Verm\u00f6gens sein. Je nach Besitzt\u00fcmer (Bodensch\u00e4tze, Tiere, landwirtschaftliche Produkte) ergibt sich eine unterschiedliche H\u00f6he der \"Zakat\". Die soziale Pflichtabgabe soll in erster Linie an arme Menschen gehen. Die Spende f\u00f6rdert die soziale Sicherheit und das Gemeinschaftsgef\u00fchl zwischen den Menschen. Die Spende wird gleichzeitig als eine Art Reinigung angesehen.<\/p>\n<\/div><\/div><\/div><\/div><\/div><div class=\"et_pb_section_7 et_pb_section et_section_regular et_block_section\"><div class=\"et_pb_row_7 et_pb_row et_block_row\"><div class=\"et_pb_column_11 et_pb_column et_pb_column_4_4 et-last-child et_block_column et_pb_css_mix_blend_mode_passthrough\"><div class=\"et_pb_text_9 et_pb_text et_pb_bg_layout_light et_pb_module et_block_module et_pb_text_align_center preset--module--divi-text--b5629d61-8761-48a4-843a-08bad35c28b0\"><div class=\"et_pb_text_inner\"><h2>Die Pilgerfahrt nach Mekka\"Hadjj\"<\/h2>\n<\/div><\/div><div class=\"et_pb_text_10 et_pb_text et_pb_bg_layout_light et_pb_module et_block_module et_pb_text_align_center\"><div class=\"et_pb_text_inner\"><p><span>Einmal im Leben sollten Muslime eine Pilgerfahrt nach Mekka unternehmen, wenn sie dazu k\u00f6rperlich und finanziell in der Lage sind. Muslime treffen sich in Mekka und umrunden gemeinsam sieben Mal die Kaaba. Bei der Pilgerfahrt nach Mekka besuchen die Gl\u00e4ubigen verschiedene Pl\u00e4tze. Dort sollen sie unterschiedliche Dinge tun. Die M\u00e4nner tragen w\u00e4hrend der Pilgerfahrt besonders einfache Kleidung, um soziale Unterschiede nicht zu zeigen. Alle sollen vor Gott gleich sein. Die Pilgerfahrt nennt man Hadsch. Den Grundstein f\u00fcr dieses Heiligtum \"Kaaba\", ist ein schwarzer Stein, hat Abraham gelegt, der Stammvater der Religionen Judentum, Christentum und Islam. <\/span><span>Das Ende der Pilgerfahrt wird im gro\u00dfen Stil gefeiert. Es ist das wichtigste Fest im Islam.\u00a0<\/span><\/p>\n<\/div><\/div><\/div><\/div><\/div>","protected":false},"excerpt":{"rendered":"","protected":false},"author":1,"featured_media":0,"parent":0,"menu_order":0,"comment_status":"closed","ping_status":"closed","template":"","meta":{"footnotes":""},"class_list":["post-238807","page","type-page","status-publish","hentry"],"yoast_head":"<!-- This site is optimized with the Yoast SEO plugin v27.4 - https:\/\/yoast.com\/product\/yoast-seo-wordpress\/ -->\n<title>Die f\u00fcnf S\u00e4ulen des Islam - Islamische Kulturstiftung Basel-IKSB<\/title>\n<meta name=\"robots\" content=\"index, follow, max-snippet:-1, max-image-preview:large, max-video-preview:-1\" \/>\n<link rel=\"canonical\" href=\"https:\/\/www.iksb.ch\/ar\/die-funf-saulen-des-islam\/\" \/>\n<meta property=\"og:locale\" content=\"ar_AR\" \/>\n<meta property=\"og:type\" content=\"article\" \/>\n<meta property=\"og:title\" content=\"Die f\u00fcnf S\u00e4ulen des Islam - Islamische Kulturstiftung Basel-IKSB\" \/>\n<meta property=\"og:url\" content=\"https:\/\/www.iksb.ch\/ar\/die-funf-saulen-des-islam\/\" \/>\n<meta property=\"og:site_name\" content=\"Islamische Kulturstiftung Basel-IKSB\" \/>\n<meta property=\"article:publisher\" content=\"https:\/\/www.facebook.com\/iksb.iksb.31\/\" \/>\n<meta property=\"article:modified_time\" content=\"2026-03-01T07:25:48+00:00\" \/>\n<meta name=\"twitter:card\" content=\"summary_large_image\" \/>\n<script type=\"application\/ld+json\" class=\"yoast-schema-graph\">{\"@context\":\"https:\\\/\\\/schema.org\",\"@graph\":[{\"@type\":\"WebPage\",\"@id\":\"https:\\\/\\\/www.iksb.ch\\\/die-funf-saulen-des-islam\\\/\",\"url\":\"https:\\\/\\\/www.iksb.ch\\\/die-funf-saulen-des-islam\\\/\",\"name\":\"Die f\u00fcnf S\u00e4ulen des Islam - Islamische Kulturstiftung Basel-IKSB\",\"isPartOf\":{\"@id\":\"https:\\\/\\\/www.iksb.ch\\\/#website\"},\"datePublished\":\"2021-07-03T12:08:16+00:00\",\"dateModified\":\"2026-03-01T07:25:48+00:00\",\"breadcrumb\":{\"@id\":\"https:\\\/\\\/www.iksb.ch\\\/die-funf-saulen-des-islam\\\/#breadcrumb\"},\"inLanguage\":\"ar\",\"potentialAction\":[{\"@type\":\"ReadAction\",\"target\":[\"https:\\\/\\\/www.iksb.ch\\\/die-funf-saulen-des-islam\\\/\"]}]},{\"@type\":\"BreadcrumbList\",\"@id\":\"https:\\\/\\\/www.iksb.ch\\\/die-funf-saulen-des-islam\\\/#breadcrumb\",\"itemListElement\":[{\"@type\":\"ListItem\",\"position\":1,\"name\":\"Home\",\"item\":\"https:\\\/\\\/www.iksb.ch\\\/\"},{\"@type\":\"ListItem\",\"position\":2,\"name\":\"Die f\u00fcnf S\u00e4ulen des Islam\"}]},{\"@type\":\"WebSite\",\"@id\":\"https:\\\/\\\/www.iksb.ch\\\/#website\",\"url\":\"https:\\\/\\\/www.iksb.ch\\\/\",\"name\":\"Islamische Kulturstiftung Basel-IKSB\",\"description\":\"Islamische Kulturstiftung Basel, Moschee Al-ferdaws, Basel, Islam, Alqalam Schule, Alferdaws Schule, Mosque Dreispitz\",\"publisher\":{\"@id\":\"https:\\\/\\\/www.iksb.ch\\\/#organization\"},\"potentialAction\":[{\"@type\":\"SearchAction\",\"target\":{\"@type\":\"EntryPoint\",\"urlTemplate\":\"https:\\\/\\\/www.iksb.ch\\\/?s={search_term_string}\"},\"query-input\":{\"@type\":\"PropertyValueSpecification\",\"valueRequired\":true,\"valueName\":\"search_term_string\"}}],\"inLanguage\":\"ar\"},{\"@type\":\"Organization\",\"@id\":\"https:\\\/\\\/www.iksb.ch\\\/#organization\",\"name\":\"Islamische Kulturstiftung Basel\",\"url\":\"https:\\\/\\\/www.iksb.ch\\\/\",\"logo\":{\"@type\":\"ImageObject\",\"inLanguage\":\"ar\",\"@id\":\"https:\\\/\\\/www.iksb.ch\\\/#\\\/schema\\\/logo\\\/image\\\/\",\"url\":\"https:\\\/\\\/www.iksb.ch\\\/wp-content\\\/uploads\\\/2021\\\/06\\\/Logo-gut.png\",\"contentUrl\":\"https:\\\/\\\/www.iksb.ch\\\/wp-content\\\/uploads\\\/2021\\\/06\\\/Logo-gut.png\",\"width\":312,\"height\":258,\"caption\":\"Islamische Kulturstiftung Basel\"},\"image\":{\"@id\":\"https:\\\/\\\/www.iksb.ch\\\/#\\\/schema\\\/logo\\\/image\\\/\"},\"sameAs\":[\"https:\\\/\\\/www.facebook.com\\\/iksb.iksb.31\\\/\"]}]}<\/script>\n<!-- \/ Yoast SEO plugin. -->","yoast_head_json":{"title":"Die f\u00fcnf S\u00e4ulen des Islam - Islamische Kulturstiftung Basel-IKSB","robots":{"index":"index","follow":"follow","max-snippet":"max-snippet:-1","max-image-preview":"max-image-preview:large","max-video-preview":"max-video-preview:-1"},"canonical":"https:\/\/www.iksb.ch\/ar\/die-funf-saulen-des-islam\/","og_locale":"ar_AR","og_type":"article","og_title":"Die f\u00fcnf S\u00e4ulen des Islam - Islamische Kulturstiftung Basel-IKSB","og_url":"https:\/\/www.iksb.ch\/ar\/die-funf-saulen-des-islam\/","og_site_name":"Islamische Kulturstiftung Basel-IKSB","article_publisher":"https:\/\/www.facebook.com\/iksb.iksb.31\/","article_modified_time":"2026-03-01T07:25:48+00:00","twitter_card":"summary_large_image","schema":{"@context":"https:\/\/schema.org","@graph":[{"@type":"WebPage","@id":"https:\/\/www.iksb.ch\/die-funf-saulen-des-islam\/","url":"https:\/\/www.iksb.ch\/die-funf-saulen-des-islam\/","name":"Die f\u00fcnf S\u00e4ulen des Islam - Islamische Kulturstiftung Basel-IKSB","isPartOf":{"@id":"https:\/\/www.iksb.ch\/#website"},"datePublished":"2021-07-03T12:08:16+00:00","dateModified":"2026-03-01T07:25:48+00:00","breadcrumb":{"@id":"https:\/\/www.iksb.ch\/die-funf-saulen-des-islam\/#breadcrumb"},"inLanguage":"ar","potentialAction":[{"@type":"ReadAction","target":["https:\/\/www.iksb.ch\/die-funf-saulen-des-islam\/"]}]},{"@type":"BreadcrumbList","@id":"https:\/\/www.iksb.ch\/die-funf-saulen-des-islam\/#breadcrumb","itemListElement":[{"@type":"ListItem","position":1,"name":"Home","item":"https:\/\/www.iksb.ch\/"},{"@type":"ListItem","position":2,"name":"Die f\u00fcnf S\u00e4ulen des Islam"}]},{"@type":"WebSite","@id":"https:\/\/www.iksb.ch\/#website","url":"https:\/\/www.iksb.ch\/","name":"Islamische Kulturstiftung Basel-IKSB","description":"Islamische Kulturstiftung Basel, Moschee Al-ferdaws, Basel, Islam, Alqalam Schule, Alferdaws Schule, Mosque Dreispitz","publisher":{"@id":"https:\/\/www.iksb.ch\/#organization"},"potentialAction":[{"@type":"SearchAction","target":{"@type":"EntryPoint","urlTemplate":"https:\/\/www.iksb.ch\/?s={search_term_string}"},"query-input":{"@type":"PropertyValueSpecification","valueRequired":true,"valueName":"search_term_string"}}],"inLanguage":"ar"},{"@type":"Organization","@id":"https:\/\/www.iksb.ch\/#organization","name":"\u0627\u0644\u0645\u0624\u0633\u0633\u0629 \u0627\u0644\u062b\u0642\u0627\u0641\u064a\u0629 \u0627\u0644\u0625\u0633\u0644\u0627\u0645\u064a\u0629 \u0641\u064a \u0628\u0627\u0632\u0644","url":"https:\/\/www.iksb.ch\/","logo":{"@type":"ImageObject","inLanguage":"ar","@id":"https:\/\/www.iksb.ch\/#\/schema\/logo\/image\/","url":"https:\/\/www.iksb.ch\/wp-content\/uploads\/2021\/06\/Logo-gut.png","contentUrl":"https:\/\/www.iksb.ch\/wp-content\/uploads\/2021\/06\/Logo-gut.png","width":312,"height":258,"caption":"Islamische Kulturstiftung Basel"},"image":{"@id":"https:\/\/www.iksb.ch\/#\/schema\/logo\/image\/"},"sameAs":["https:\/\/www.facebook.com\/iksb.iksb.31\/"]}]}},"_links":{"self":[{"href":"https:\/\/www.iksb.ch\/ar\/wp-json\/wp\/v2\/pages\/238807","targetHints":{"allow":["GET"]}}],"collection":[{"href":"https:\/\/www.iksb.ch\/ar\/wp-json\/wp\/v2\/pages"}],"about":[{"href":"https:\/\/www.iksb.ch\/ar\/wp-json\/wp\/v2\/types\/page"}],"author":[{"embeddable":true,"href":"https:\/\/www.iksb.ch\/ar\/wp-json\/wp\/v2\/users\/1"}],"replies":[{"embeddable":true,"href":"https:\/\/www.iksb.ch\/ar\/wp-json\/wp\/v2\/comments?post=238807"}],"version-history":[{"count":2,"href":"https:\/\/www.iksb.ch\/ar\/wp-json\/wp\/v2\/pages\/238807\/revisions"}],"predecessor-version":[{"id":240496,"href":"https:\/\/www.iksb.ch\/ar\/wp-json\/wp\/v2\/pages\/238807\/revisions\/240496"}],"wp:attachment":[{"href":"https:\/\/www.iksb.ch\/ar\/wp-json\/wp\/v2\/media?parent=238807"}],"curies":[{"name":"wp","href":"https:\/\/api.w.org\/{rel}","templated":true}]}}