{"id":93,"date":"2021-06-14T22:01:23","date_gmt":"2021-06-14T20:01:23","guid":{"rendered":"https:\/\/www.iksb.ch\/?page_id=93"},"modified":"2026-03-01T08:25:41","modified_gmt":"2026-03-01T07:25:41","slug":"ramadan","status":"publish","type":"page","link":"https:\/\/www.iksb.ch\/en\/ramadan\/","title":{"rendered":"Ramadan"},"content":{"rendered":"<div class=\"et_pb_section_0 et_pb_section et_pb_fullwidth_section et_section_regular et_block_section et_pb_section_parallax\"><span class=\"et-pb-parallax-wrapper\"><span class=\"et-pb-parallax-background et-pb-parallax-background--css et-pb-parallax-background-module--divi-section-0\" style=\"background-image:url(https:\/\/www.iksb.ch\/wp-content\/uploads\/2021\/06\/retro-1920.jpg)\"><\/span><\/span><section class=\"et_pb_fullwidth_header_0 et_pb_fullwidth_header et_pb_bg_layout_dark et_pb_text_align_center et_pb_module et_flex_module\"><div class=\"et_pb_fullwidth_header_container center\"><div class=\"header-content-container center\"><div class=\"header-content et_flex_module\"><h1 class=\"et_pb_module_header\">The month of Ramadan is the one in which the Qur\u2019an was revealed as guidance for mankind, with clear proofs of guidance and distinction<\/h1><div class=\"et_pb_header_button_wrapper\"><\/div><\/div><\/div><\/div><div class=\"et_pb_fullwidth_header_overlay\"><\/div><div class=\"et_pb_fullwidth_header_scroll\"><\/div><\/section><\/div><div class=\"et_pb_section_1 et_pb_section et_section_specialty et_pb_gutters2 et_block_section\"><div class=\"et_pb_row et_block_row\"><div class=\"et_pb_column_0 et_pb_column et_pb_column_single et_pb_column_1_2 et_block_column et_pb_css_mix_blend_mode_passthrough\"><div class=\"et_pb_blurb_0 et_pb_blurb et_pb_bg_layout_dark et_pb_text_align_right et_pb_blurb_position_top et_clickable et_pb_module et_block_module\"><div class=\"et_pb_blurb_content\"><div class=\"et_pb_blurb_container\"><h4 class=\"et_pb_module_header\">Contribute to the costs of the mosque<\/h4><\/div><\/div><\/div><\/div><div class=\"et_pb_column_1 et_pb_column et_pb_specialty_column et_pb_column_1_2 et-last-child et_block_column et_pb_css_mix_blend_mode_passthrough\"><div class=\"et_pb_row_inner_0 et_pb_row_inner et_block_row\"><div class=\"et_pb_column_inner_0 et_pb_column_inner et_pb_column et_pb_column_4_4 et-last-child et_block_column et_pb_css_mix_blend_mode_passthrough\"><div class=\"et_pb_module et_pb_button_module_wrapper et_pb_button_0_wrapper\"><a class=\"et_pb_button_0 et_pb_button et_pb_bg_layout_light et_pb_module et_block_module\" href=\"https:\/\/www.iksb.ch\/wp-content\/uploads\/2022\/08\/qr-bill-Spenden-Zakat.pdf\" target=\"_blank\">Participate in the expenses of the mosque<\/a><\/div><\/div><\/div><\/div><\/div><\/div><div class=\"et_pb_section_2 et_pb_section et_section_regular et_block_section\"><div class=\"et_pb_row_0 et_pb_row et_pb_gutters2 et_block_row\"><div class=\"et_pb_column_2 et_pb_column et_pb_column_1_2 et_block_column et_pb_css_mix_blend_mode_passthrough\"><div class=\"et_pb_cta_0 et_pb_promo et_pb_bg_layout_dark et_pb_module et_block_module\"><div class=\"et_pb_promo_description\"><h1 class=\"et_pb_module_header\">WHAT MUST A MUSLIM DO TO FAST?<\/h1><div class=\"et_pb_promo_content\"><p>During the fasting period, a Muslim must abstain from eating, drinking, and sexual relations. In addition, fasting is about combating bad character traits. Therefore, Muslims should refrain from bad behavior and sins, especially during this month.<\/p>\n<\/div><\/div><\/div><div class=\"et_pb_cta_1 et_pb_promo et_pb_bg_layout_dark et_pb_module et_block_module\"><div class=\"et_pb_promo_description\"><h1 class=\"et_pb_module_header\">DOES SMOKING INVALIDATE THE FAST?<\/h1><div class=\"et_pb_promo_content\"><p>Yes, smoking invalidates the fast, as certain substances from tobacco smoke enter the stomach through saliva. In addition, smoking is extremely harmful to health and is considered forbidden by the vast majority of scholars. Ramadan is a good opportunity to quit.<\/p>\n<\/div><\/div><\/div><div class=\"et_pb_cta_2 et_pb_promo et_pb_bg_layout_dark et_pb_module et_block_module\"><div class=\"et_pb_promo_description\"><h1 class=\"et_pb_module_header\">IS A SICK PERSON ALLOWED TO BREAK THE FAST?<\/h1><div class=\"et_pb_promo_content\"><p>Eine kranke Person darf das Fasten brechen, wenn das Fasten f\u00fcr sie gesundheitlich unertr\u00e4glich ist. Leichte Gesundheitsbeschwerden wie etwa leichte Kopfschmerzen etc... d\u00fcrfen aber nicht als Grund f\u00fcr das Fastenbrechen herangezogen werden. Wenn das Fasten die Genesung von einer Krankheit verhindert, verz\u00f6gert oder gar sch\u00e4dlich f\u00fcr die Person ist, so muss sie das Fasten brechen. Sie muss die verfehlten Tage nachholen, sobald sie gesund ist. \u0648\u064e\u0645\u064e\u0646 \u0643\u064e\u0627\u0646\u064e \u0645\u064e\u0631\u0650\u06cc\u0636\u064b\u0627 \u0623\u064e\u0648\u0652 \u0639\u064e\u0644\u064e\u0649 \u0633\u064e\u0641\u064e\u0631\u064d \u0641\u064e\u0639\u0650\u062f\u0651\u064e\u0629\u064c \u0645\u0651\u0650\u0646\u0652 \u0623\u064e\u06cc\u0651\u064e\u0627\u0645\u064d \u0623\u064f\u062e\u064e\u0631\u064e<br \/>Allah sagt: \u201e (...) wer aber krank oder auf Reisen ist, soll ebenso viele andere Tage fasten\". (2:185)<\/p>\n<\/div><\/div><\/div><div class=\"et_pb_cta_3 et_pb_promo et_pb_bg_layout_dark et_pb_module et_block_module\"><div class=\"et_pb_promo_description\"><h1 class=\"et_pb_module_header\">WHAT SHOULD ONE DO IF ONE EATS OR DRINKS SOMETHING BY MISTAKE OR OUT OF FORGETFULNESS?<\/h1><div class=\"et_pb_promo_content\"><p class=\"translation-block\">As soon as one remembers, they must stop immediately. If there is still something in the mouth, it should be spat out without delay. In this case, the fast remains valid, and the person continues fasting without having to make up the day.\nThe Prophet Muhammad \ufdfa said:\n\u201cWhoever forgets that he is fasting and eats or drinks, let him complete his fast, for it is Allah who has fed him and given him drink.\u201d (Bukhari 1399, Muslim 1155)<\/p>\n<\/div><\/div><\/div><\/div><div class=\"et_pb_column_3 et_pb_column et_pb_column_1_2 et-last-child et_block_column et_pb_css_mix_blend_mode_passthrough\"><div class=\"et_pb_cta_4 et_pb_promo et_pb_bg_layout_dark et_pb_module et_block_module\"><div class=\"et_pb_promo_description\"><h1 class=\"et_pb_module_header\">Ramdan<\/h1><div class=\"et_pb_promo_content\"><p>Ramadan is the ninth month of the Islamic lunar calendar. During this month, the Qur\u2019an was revealed. Throughout this month, Muslims are not allowed to eat or drink from dawn until sunset.<\/p>\n<p>The day begins at dawn, when one can distinguish a white thread from a black thread. This corresponds to the time of the first prayer (Fajr).<\/p>\n<p>Ramadan is obligatory for every adult Muslim. Exceptions include children, pregnant women, and menstruating women. The sick, elderly people, and travelers may make up the missed days after Ramadan.<\/p>\n<p>Elderly people and those with chronic illnesses are not required to fast. Instead, they must provide food to a needy person for each missed day.<\/p>\n<\/div><\/div><\/div><div class=\"et_pb_cta_5 et_pb_promo et_pb_bg_layout_dark et_pb_module et_block_module\"><div class=\"et_pb_promo_description\"><h1 class=\"et_pb_module_header\">WHY DOES A MUSLIM FAST?<\/h1><div class=\"et_pb_promo_content\"><p>A Muslim fasts in order to attain Allah\u2019s pleasure and hopes for a great reward. The month of Ramadan is a time of repentance, reflection, and hope for forgiveness. Through fasting, a Muslim seeks to improve their spiritual state as well as achieve physical and psychological purification. Ramadan also strongly enhances the sense of community and brings social bonds closer together.<\/p>\n<\/div><\/div><\/div><div class=\"et_pb_cta_6 et_pb_promo et_pb_bg_layout_dark et_pb_module et_block_module\"><div class=\"et_pb_promo_description\"><h1 class=\"et_pb_module_header\">HOW LONG DOES THE FASTING PERIOD LAST?<\/h1><div class=\"et_pb_promo_content\"><p>It begins with the time of the Fajr prayer (first dawn) and ends with the time of the Maghrib prayer, that is, at sunset.<\/p>\n<\/div><\/div><\/div><div class=\"et_pb_cta_7 et_pb_promo et_pb_bg_layout_dark et_pb_module et_block_module\"><div class=\"et_pb_promo_description\"><h1 class=\"et_pb_module_header\">DOES A PREGNANT WOMAN HAVE TO FAST?<\/h1><div class=\"et_pb_promo_content\"><p>A pregnant woman is permitted to break her fast if she finds it physically difficult due to health reasons. If fasting seriously affects her health or the health of the child, she is obliged to break the fast. She must make up the missed days at a later time without having to pay expiation (fidya).<\/p>\n<\/div><\/div><\/div><\/div><\/div><\/div><div class=\"et_pb_section_3 et_pb_section et_section_regular et_block_section\"><div class=\"et_pb_row_1 et_pb_row et_block_row\"><div class=\"et_pb_column_4 et_pb_column et_pb_column_4_4 et-last-child et_block_column et_pb_css_mix_blend_mode_passthrough\"><div class=\"et_pb_text_0 et_pb_text et_pb_bg_layout_light et_pb_module et_block_module et_pb_text_align_center\"><div class=\"et_pb_text_inner\"><p>&nbsp;<\/p>\n<h1 class=\"title style-scope ytd-video-primary-info-renderer\"><yt-formatted-string force-default-style=\"\" class=\"style-scope ytd-video-primary-info-renderer\">Why do we fast in Ramadan?<\/yt-formatted-string><\/h1>\n<\/div><\/div><div class=\"et_pb_video_0 et_pb_video et_pb_module et_block_module\"><div class=\"et_pb_video_box\"><iframe loading=\"lazy\" title=\"Warum Fasten die Muslime ? \u1d34\u1d30 \u2507 Erkl\u00e4rt in 6 Minuten \u2507 SHORT VIDEOS \u2507\" width=\"1080\" height=\"608\" src=\"https:\/\/www.youtube.com\/embed\/O_Miu_IB9qE?feature=oembed\"  allow=\"accelerometer; autoplay; clipboard-write; encrypted-media; gyroscope; picture-in-picture; web-share\" referrerpolicy=\"strict-origin-when-cross-origin\" allowfullscreen><\/iframe><\/div><\/div><\/div><\/div><\/div><div class=\"et_pb_section_4 et_pb_section et_section_specialty et_pb_gutters2 et_block_section\"><div class=\"et_pb_row et_block_row\"><div class=\"et_pb_column_5 et_pb_column et_pb_column_single et_pb_column_1_2 et_block_column et_pb_css_mix_blend_mode_passthrough\"><div class=\"et_pb_blurb_1 et_pb_blurb et_pb_bg_layout_dark et_pb_text_align_right et_pb_blurb_position_top et_animated et_clickable et_pb_module et_block_module\"><div class=\"et_pb_blurb_content\"><div class=\"et_pb_blurb_container\"><h4 class=\"et_pb_module_header\">Contribute to the costs of the mosque<\/h4><\/div><\/div><\/div><\/div><div class=\"et_pb_column_6 et_pb_column et_pb_specialty_column et_pb_column_1_2 et-last-child et_block_column et_pb_css_mix_blend_mode_passthrough\"><div class=\"et_pb_row_inner_1 et_pb_row_inner et_block_row\"><div class=\"et_pb_column_inner_1 et_pb_column_inner et_pb_column et_pb_column_4_4 et-last-child et_block_column et_pb_css_mix_blend_mode_passthrough\"><div class=\"et_pb_module et_pb_button_module_wrapper et_pb_button_1_wrapper\"><a class=\"et_pb_button_1 et_pb_button et_pb_bg_layout_light et_animated et_pb_module et_block_module\" href=\"https:\/\/www.iksb.ch\/wp-content\/uploads\/2022\/08\/qr-bill-Spenden-Zakat.pdf\" target=\"_blank\">Participate in the expenses of the mosque<\/a><\/div><\/div><\/div><\/div><\/div><\/div><div class=\"et_pb_section_5 et_pb_section et_section_regular et_block_section et_pb_section_parallax\"><span class=\"et-pb-parallax-wrapper\"><span class=\"et-pb-parallax-background et-pb-parallax-background--css et-pb-parallax-background-module--divi-section-5\" style=\"background-image:url(https:\/\/www.iksb.ch\/wp-content\/uploads\/2021\/06\/44444-nice-background-color.png)\"><\/span><\/span><div class=\"et_pb_row_2 et_pb_row et-vb-row--no-module et_block_row\"><div class=\"et_pb_column_7 et_pb_column et_pb_column_4_4 et-last-child et_block_column et_pb_column_empty et_pb_css_mix_blend_mode_passthrough\"><\/div><\/div><div class=\"et_pb_row_3 et_pb_row et_block_row\"><div class=\"et_pb_column_8 et_pb_column et_pb_column_1_3 et_block_column et_pb_css_mix_blend_mode_passthrough\"><div class=\"et_pb_blurb_2 et_pb_blurb et_pb_bg_layout_dark et_pb_blurb_position_left et_clickable et_pb_module et_block_module\"><div class=\"et_pb_blurb_content\"><div class=\"et_pb_main_blurb_image\"><span class=\"et_pb_image_wrap\"><span class=\"et-pb-icon\">\ue081<\/span><\/span><\/div><div class=\"et_pb_blurb_container\"><h4 class=\"et_pb_module_header\">Address:<\/h4><div class=\"et_pb_blurb_description\"><p><span>Islamic Cultural Foundation Basel<\/span><br \/><span>Leimgrubenweg 6 \u2013 Dreispitz<\/span><br \/><span>4053 Basel<\/span><\/p>\n<\/div><\/div><\/div><\/div><\/div><div class=\"et_pb_column_9 et_pb_column et_pb_column_1_3 et_block_column et_pb_css_mix_blend_mode_passthrough\"><div class=\"et_pb_blurb_3 et_pb_blurb et_pb_bg_layout_dark et_pb_blurb_position_left et_pb_module et_block_module\"><div class=\"et_pb_blurb_content\"><div class=\"et_pb_main_blurb_image\"><span class=\"et_pb_image_wrap\"><span class=\"et-pb-icon\">\ue090<\/span><\/span><\/div><div class=\"et_pb_blurb_container\"><h4 class=\"et_pb_module_header\">Phone:<\/h4><div class=\"et_pb_blurb_description\"><p>Tel: 061 554 86 66<\/p>\n<p>Mobile: 076 330 19 38<\/p>\n<\/div><\/div><\/div><\/div><\/div><div class=\"et_pb_column_10 et_pb_column et_pb_column_1_3 et-last-child et_block_column et_pb_css_mix_blend_mode_passthrough\"><div class=\"et_pb_blurb_4 et_pb_blurb et_pb_bg_layout_dark et_pb_blurb_position_left et_pb_module et_block_module\"><div class=\"et_pb_blurb_content\"><div class=\"et_pb_main_blurb_image\"><span class=\"et_pb_image_wrap\"><span class=\"et-pb-icon\">\ue06b<\/span><\/span><\/div><div class=\"et_pb_blurb_container\"><h4 class=\"et_pb_module_header\">Email:<\/h4><div class=\"et_pb_blurb_description\"><p><a href=\"mailto:support@divicon.com\">alqalam.alferdaws@gmail.com<\/a><\/p>\n<\/div><\/div><\/div><\/div><ul class=\"et_pb_social_media_follow_0 et_pb_social_media_follow clearfix et_pb_bg_layout_light et_pb_text_align_left has_follow_button et_pb_module et_block_module\"><li class=\"et_pb_social_media_follow_network_0 et_pb_social_media_follow_network et_pb_social_icon et_pb_social_network_link et-social-facebook et_pb_module et_flex_module\"><a href=\"https:\/\/www.facebook.com\/iksb.iksb.31\/\" class=\"icon\" target=\"_self\" title=\"Follow on Facebook\" rel=\"noopener\"><span class=\"et_pb_social_media_follow_network_name\">Follow<\/span><\/a><a class=\"follow_button\" href=\"https:\/\/www.facebook.com\/iksb.iksb.31\/\" target=\"_self\" title=\"Follow on Facebook\" rel=\"noopener\">Follow<\/a><\/li><\/ul><\/div><\/div><\/div>","protected":false},"excerpt":{"rendered":"","protected":false},"author":1,"featured_media":0,"parent":0,"menu_order":0,"comment_status":"closed","ping_status":"closed","template":"","meta":{"footnotes":""},"class_list":["post-93","page","type-page","status-publish","hentry"],"yoast_head":"<!-- This site is optimized with the Yoast SEO plugin v27.4 - https:\/\/yoast.com\/product\/yoast-seo-wordpress\/ -->\n<title>Ramadan - Islamische Kulturstiftung Basel-IKSB<\/title>\n<meta name=\"robots\" content=\"index, follow, max-snippet:-1, max-image-preview:large, max-video-preview:-1\" \/>\n<link rel=\"canonical\" href=\"https:\/\/www.iksb.ch\/en\/ramadan\/\" \/>\n<meta property=\"og:locale\" content=\"en_US\" \/>\n<meta property=\"og:type\" content=\"article\" \/>\n<meta property=\"og:title\" content=\"Ramadan - Islamische Kulturstiftung Basel-IKSB\" \/>\n<meta property=\"og:url\" content=\"https:\/\/www.iksb.ch\/en\/ramadan\/\" \/>\n<meta property=\"og:site_name\" content=\"Islamische Kulturstiftung Basel-IKSB\" \/>\n<meta property=\"article:publisher\" content=\"https:\/\/www.facebook.com\/iksb.iksb.31\/\" \/>\n<meta property=\"article:modified_time\" content=\"2026-03-01T07:25:41+00:00\" \/>\n<meta name=\"twitter:card\" content=\"summary_large_image\" \/>\n<script type=\"application\/ld+json\" class=\"yoast-schema-graph\">{\"@context\":\"https:\\\/\\\/schema.org\",\"@graph\":[{\"@type\":\"WebPage\",\"@id\":\"https:\\\/\\\/www.iksb.ch\\\/ramadan\\\/\",\"url\":\"https:\\\/\\\/www.iksb.ch\\\/ramadan\\\/\",\"name\":\"Ramadan - Islamische Kulturstiftung Basel-IKSB\",\"isPartOf\":{\"@id\":\"https:\\\/\\\/www.iksb.ch\\\/#website\"},\"datePublished\":\"2021-06-14T20:01:23+00:00\",\"dateModified\":\"2026-03-01T07:25:41+00:00\",\"breadcrumb\":{\"@id\":\"https:\\\/\\\/www.iksb.ch\\\/ramadan\\\/#breadcrumb\"},\"inLanguage\":\"en-US\",\"potentialAction\":[{\"@type\":\"ReadAction\",\"target\":[\"https:\\\/\\\/www.iksb.ch\\\/ramadan\\\/\"]}]},{\"@type\":\"BreadcrumbList\",\"@id\":\"https:\\\/\\\/www.iksb.ch\\\/ramadan\\\/#breadcrumb\",\"itemListElement\":[{\"@type\":\"ListItem\",\"position\":1,\"name\":\"Home\",\"item\":\"https:\\\/\\\/www.iksb.ch\\\/\"},{\"@type\":\"ListItem\",\"position\":2,\"name\":\"Ramadan\"}]},{\"@type\":\"WebSite\",\"@id\":\"https:\\\/\\\/www.iksb.ch\\\/#website\",\"url\":\"https:\\\/\\\/www.iksb.ch\\\/\",\"name\":\"Islamische Kulturstiftung Basel-IKSB\",\"description\":\"Islamische Kulturstiftung Basel, Moschee Al-ferdaws, Basel, Islam, Alqalam Schule, Alferdaws Schule, Mosque Dreispitz\",\"publisher\":{\"@id\":\"https:\\\/\\\/www.iksb.ch\\\/#organization\"},\"potentialAction\":[{\"@type\":\"SearchAction\",\"target\":{\"@type\":\"EntryPoint\",\"urlTemplate\":\"https:\\\/\\\/www.iksb.ch\\\/?s={search_term_string}\"},\"query-input\":{\"@type\":\"PropertyValueSpecification\",\"valueRequired\":true,\"valueName\":\"search_term_string\"}}],\"inLanguage\":\"en-US\"},{\"@type\":\"Organization\",\"@id\":\"https:\\\/\\\/www.iksb.ch\\\/#organization\",\"name\":\"Islamische Kulturstiftung Basel\",\"url\":\"https:\\\/\\\/www.iksb.ch\\\/\",\"logo\":{\"@type\":\"ImageObject\",\"inLanguage\":\"en-US\",\"@id\":\"https:\\\/\\\/www.iksb.ch\\\/#\\\/schema\\\/logo\\\/image\\\/\",\"url\":\"https:\\\/\\\/www.iksb.ch\\\/wp-content\\\/uploads\\\/2021\\\/06\\\/Logo-gut.png\",\"contentUrl\":\"https:\\\/\\\/www.iksb.ch\\\/wp-content\\\/uploads\\\/2021\\\/06\\\/Logo-gut.png\",\"width\":312,\"height\":258,\"caption\":\"Islamische Kulturstiftung Basel\"},\"image\":{\"@id\":\"https:\\\/\\\/www.iksb.ch\\\/#\\\/schema\\\/logo\\\/image\\\/\"},\"sameAs\":[\"https:\\\/\\\/www.facebook.com\\\/iksb.iksb.31\\\/\"]}]}<\/script>\n<!-- \/ Yoast SEO plugin. -->","yoast_head_json":{"title":"Ramadan - Islamische Kulturstiftung Basel-IKSB","robots":{"index":"index","follow":"follow","max-snippet":"max-snippet:-1","max-image-preview":"max-image-preview:large","max-video-preview":"max-video-preview:-1"},"canonical":"https:\/\/www.iksb.ch\/en\/ramadan\/","og_locale":"en_US","og_type":"article","og_title":"Ramadan - Islamische Kulturstiftung Basel-IKSB","og_url":"https:\/\/www.iksb.ch\/en\/ramadan\/","og_site_name":"Islamische Kulturstiftung Basel-IKSB","article_publisher":"https:\/\/www.facebook.com\/iksb.iksb.31\/","article_modified_time":"2026-03-01T07:25:41+00:00","twitter_card":"summary_large_image","schema":{"@context":"https:\/\/schema.org","@graph":[{"@type":"WebPage","@id":"https:\/\/www.iksb.ch\/ramadan\/","url":"https:\/\/www.iksb.ch\/ramadan\/","name":"Ramadan - Islamische Kulturstiftung Basel-IKSB","isPartOf":{"@id":"https:\/\/www.iksb.ch\/#website"},"datePublished":"2021-06-14T20:01:23+00:00","dateModified":"2026-03-01T07:25:41+00:00","breadcrumb":{"@id":"https:\/\/www.iksb.ch\/ramadan\/#breadcrumb"},"inLanguage":"en-US","potentialAction":[{"@type":"ReadAction","target":["https:\/\/www.iksb.ch\/ramadan\/"]}]},{"@type":"BreadcrumbList","@id":"https:\/\/www.iksb.ch\/ramadan\/#breadcrumb","itemListElement":[{"@type":"ListItem","position":1,"name":"Home","item":"https:\/\/www.iksb.ch\/"},{"@type":"ListItem","position":2,"name":"Ramadan"}]},{"@type":"WebSite","@id":"https:\/\/www.iksb.ch\/#website","url":"https:\/\/www.iksb.ch\/","name":"Islamische Kulturstiftung Basel-IKSB","description":"Islamische Kulturstiftung Basel, Moschee Al-ferdaws, Basel, Islam, Alqalam Schule, Alferdaws Schule, Mosque Dreispitz","publisher":{"@id":"https:\/\/www.iksb.ch\/#organization"},"potentialAction":[{"@type":"SearchAction","target":{"@type":"EntryPoint","urlTemplate":"https:\/\/www.iksb.ch\/?s={search_term_string}"},"query-input":{"@type":"PropertyValueSpecification","valueRequired":true,"valueName":"search_term_string"}}],"inLanguage":"en-US"},{"@type":"Organization","@id":"https:\/\/www.iksb.ch\/#organization","name":"Islamic Cultural Foundation Basel","url":"https:\/\/www.iksb.ch\/","logo":{"@type":"ImageObject","inLanguage":"en-US","@id":"https:\/\/www.iksb.ch\/#\/schema\/logo\/image\/","url":"https:\/\/www.iksb.ch\/wp-content\/uploads\/2021\/06\/Logo-gut.png","contentUrl":"https:\/\/www.iksb.ch\/wp-content\/uploads\/2021\/06\/Logo-gut.png","width":312,"height":258,"caption":"Islamische Kulturstiftung Basel"},"image":{"@id":"https:\/\/www.iksb.ch\/#\/schema\/logo\/image\/"},"sameAs":["https:\/\/www.facebook.com\/iksb.iksb.31\/"]}]}},"_links":{"self":[{"href":"https:\/\/www.iksb.ch\/en\/wp-json\/wp\/v2\/pages\/93","targetHints":{"allow":["GET"]}}],"collection":[{"href":"https:\/\/www.iksb.ch\/en\/wp-json\/wp\/v2\/pages"}],"about":[{"href":"https:\/\/www.iksb.ch\/en\/wp-json\/wp\/v2\/types\/page"}],"author":[{"embeddable":true,"href":"https:\/\/www.iksb.ch\/en\/wp-json\/wp\/v2\/users\/1"}],"replies":[{"embeddable":true,"href":"https:\/\/www.iksb.ch\/en\/wp-json\/wp\/v2\/comments?post=93"}],"version-history":[{"count":5,"href":"https:\/\/www.iksb.ch\/en\/wp-json\/wp\/v2\/pages\/93\/revisions"}],"predecessor-version":[{"id":240490,"href":"https:\/\/www.iksb.ch\/en\/wp-json\/wp\/v2\/pages\/93\/revisions\/240490"}],"wp:attachment":[{"href":"https:\/\/www.iksb.ch\/en\/wp-json\/wp\/v2\/media?parent=93"}],"curies":[{"name":"wp","href":"https:\/\/api.w.org\/{rel}","templated":true}]}}